{"id":4828,"date":"2024-09-18T08:30:29","date_gmt":"2024-09-18T08:30:29","guid":{"rendered":"http:\/\/ecowoody.lt\/?post_type=product&#038;p=4828"},"modified":"2024-10-22T13:58:34","modified_gmt":"2024-10-22T13:58:34","slug":"biodela-medzio-granules-15kg-x-32-vnt","status":"publish","type":"product","link":"https:\/\/ecowoody.lt\/en\/produktas\/biodela-medzio-granules-15kg-x-32-vnt\/","title":{"rendered":"Biodela med\u017eio granul\u0117s 15kg x 32 vnt."},"content":{"rendered":"","protected":false},"excerpt":{"rendered":"<h4><b>Biodela Wood Pellets \u2013 sprendimas ekonomi\u0161kam ir tvariam \u0161ildymui!<\/b><\/h4>\n<p>Pagamintos i\u0161 100 % nat\u016bralios, auk\u0161tos kokyb\u0117s ukrainieti\u0161kos medienos, \u0161ios granul\u0117s u\u017etikrina efektyv\u0173 \u0161ilumos perdavim\u0105, ma\u017eas i\u0161laidas ir ekologi\u0161k\u0105 \u0161ildymo sprendim\u0105 j\u016bs\u0173 namams. \u201eBiodela\u201c granul\u0117s \u2013 tai pasirinkimas tiems, kurie vertina efektyvum\u0105 ir r\u016bpinasi aplinka. Pasirinkite komfort\u0105 be kompromis\u0173.<\/p>\n<p>&nbsp;<\/p>\n<h4><b>Produkto savyb\u0117s:<\/b><\/h4>\n<ul>\n<li aria-level=\"1\"><b>Pakuot\u0117:<\/b> 15 kg mai\u0161as, <b>32 vnt. palet\u0117je<\/b> \u2013 idealiai pritaikyta patogiam sand\u0117liavimui ir ilgam \u0161ildymo sezonui.<\/li>\n<li aria-level=\"1\"><b>\u0160ilumin\u0117 vert\u0117:<\/b> 4,8\u20135,0 kWh\/kg \u2013 auk\u0161tas \u0161ilumos efektyvumas u\u017etikrina ma\u017eesnes \u0161ildymo i\u0161laidas.<\/li>\n<li aria-level=\"1\"><b>Dr\u0117gm\u0117s lygis:<\/b> 6\u20138 % \u2013 optimalus dr\u0117gm\u0117s kiekis padeda \u0161variau degti ir suma\u017eina \u0161ilumos nuostolius.<\/li>\n<li aria-level=\"1\"><b>Pelen\u0173 kiekis:<\/b> 0,3\u20130,5 % \u2013 minimalus pelen\u0173 kiekis rei\u0161kia retesn\u012f katilo valym\u0105 ir \u0161varesn\u0119 aplink\u0105.<\/li>\n<\/ul>\n","protected":false},"featured_media":5492,"template":"","meta":{"_acf_changed":false},"product_cat":[41],"product_tag":[],"class_list":{"0":"post-4828","1":"product","2":"type-product","3":"status-publish","4":"has-post-thumbnail","6":"product_cat-granules","8":"first","9":"instock","10":"shipping-taxable","11":"purchasable","12":"product-type-simple"},"acf":[],"_links":{"self":[{"href":"https:\/\/ecowoody.lt\/en\/wp-json\/wp\/v2\/product\/4828","targetHints":{"allow":["GET"]}}],"collection":[{"href":"https:\/\/ecowoody.lt\/en\/wp-json\/wp\/v2\/product"}],"about":[{"href":"https:\/\/ecowoody.lt\/en\/wp-json\/wp\/v2\/types\/product"}],"wp:featuredmedia":[{"embeddable":true,"href":"https:\/\/ecowoody.lt\/en\/wp-json\/wp\/v2\/media\/5492"}],"wp:attachment":[{"href":"https:\/\/ecowoody.lt\/en\/wp-json\/wp\/v2\/media?parent=4828"}],"wp:term":[{"taxonomy":"product_cat","embeddable":true,"href":"https:\/\/ecowoody.lt\/en\/wp-json\/wp\/v2\/product_cat?post=4828"},{"taxonomy":"product_tag","embeddable":true,"href":"https:\/\/ecowoody.lt\/en\/wp-json\/wp\/v2\/product_tag?post=4828"}],"curies":[{"name":"wp","href":"https:\/\/api.w.org\/{rel}","templated":true}]}}