{"id":4835,"date":"2024-09-18T08:34:28","date_gmt":"2024-09-18T08:34:28","guid":{"rendered":"http:\/\/ecowoody.lt\/?post_type=product&#038;p=4835"},"modified":"2025-12-09T07:37:18","modified_gmt":"2025-12-09T07:37:18","slug":"lets-pellet-medzio-granules-15kg-x-35-vnt","status":"publish","type":"product","link":"https:\/\/ecowoody.lt\/en\/produktas\/lets-pellet-medzio-granules-15kg-x-35-vnt\/","title":{"rendered":"Let\u2019s Pellet med\u017eio granul\u0117s 15kg x 35 vnt."},"content":{"rendered":"","protected":false},"excerpt":{"rendered":"<h4><b>Ie\u0161kote efektyvios nam\u0173 \u0161ildymo sistemos? \u201eLet\u2019s Pellet\u201c granul\u0117s yra\u00a0 sezono sprendimas!<\/b><\/h4>\n<p>Pagamintos i\u0161 100 % nat\u016bralios lietuvi\u0161kos medienos, be chemini\u0173 pried\u0173, \u0161ios granul\u0117s pasi\u017eymi ne tik auk\u0161tu degimo efektyvumu, bet ir ma\u017eina j\u016bs\u0173 \u0161ildymo sistemos prie\u017ei\u016bros darb\u0173 kiek\u012f. M\u0117gaukit\u0117s \u0161varia \u0161iluma, taupykite laik\u0105 ir suma\u017einkite i\u0161laidas su granul\u0117mis, kurios dirba u\u017e jus.<\/p>\n<h4><\/h4>\n<p>&nbsp;<\/p>\n<h4><b>Produkto savyb\u0117s:<\/b><\/h4>\n<ul>\n<li aria-level=\"1\"><b>Pakuot\u0117:<\/b> 15 kg mai\u0161as, <b>35 vnt. palet\u0117je<\/b> \u2013 patogiam saugojimui ir ilgalaikiam naudojimui.<\/li>\n<li aria-level=\"1\"><b>\u0160ilumin\u0117 vert\u0117:<\/b> 4,8\u20135,0 kWh\/kg \u2013 maksimaliai efektyvus \u0161ildymas ir ma\u017eesn\u0117s energijos s\u0105naudos.<\/li>\n<li aria-level=\"1\"><b>Dr\u0117gm\u0117s lygis:<\/b> 6\u20138 % \u2013 u\u017etikrina \u0161var\u0173 ir efektyv\u0173 degim\u0105.<\/li>\n<li aria-level=\"1\"><b>Pelen\u0173 kiekis:<\/b> 0,3\u20130,5 % \u2013 ma\u017eiau pelen\u0173 rei\u0161kia ma\u017eiau valymo ir daugiau komforto!<\/li>\n<\/ul>\n","protected":false},"featured_media":5494,"template":"","meta":{"_acf_changed":false},"product_cat":[41],"product_tag":[],"class_list":{"0":"post-4835","1":"product","2":"type-product","3":"status-publish","4":"has-post-thumbnail","6":"product_cat-granules","8":"first","9":"instock","10":"shipping-taxable","11":"purchasable","12":"product-type-simple"},"acf":[],"_links":{"self":[{"href":"https:\/\/ecowoody.lt\/en\/wp-json\/wp\/v2\/product\/4835","targetHints":{"allow":["GET"]}}],"collection":[{"href":"https:\/\/ecowoody.lt\/en\/wp-json\/wp\/v2\/product"}],"about":[{"href":"https:\/\/ecowoody.lt\/en\/wp-json\/wp\/v2\/types\/product"}],"wp:featuredmedia":[{"embeddable":true,"href":"https:\/\/ecowoody.lt\/en\/wp-json\/wp\/v2\/media\/5494"}],"wp:attachment":[{"href":"https:\/\/ecowoody.lt\/en\/wp-json\/wp\/v2\/media?parent=4835"}],"wp:term":[{"taxonomy":"product_cat","embeddable":true,"href":"https:\/\/ecowoody.lt\/en\/wp-json\/wp\/v2\/product_cat?post=4835"},{"taxonomy":"product_tag","embeddable":true,"href":"https:\/\/ecowoody.lt\/en\/wp-json\/wp\/v2\/product_tag?post=4835"}],"curies":[{"name":"wp","href":"https:\/\/api.w.org\/{rel}","templated":true}]}}